{"id":224,"date":"2018-12-20T10:15:48","date_gmt":"2018-12-20T10:15:48","guid":{"rendered":"http:\/\/paroquiadeparanhos.net\/webnew\/?page_id=224"},"modified":"2026-01-25T17:40:08","modified_gmt":"2026-01-25T17:40:08","slug":"casamentos","status":"publish","type":"page","link":"https:\/\/paroquiadeparanhos.net\/webnew\/index.php\/casamentos\/","title":{"rendered":"Casamentos"},"content":{"rendered":"\n<p class=\"has-white-color has-vivid-red-background-color has-text-color has-background has-link-color wp-elements-07ea7573e91ea34c0ccadb8a0b1d4f0c\"><strong>CASAMENTOS<\/strong><\/p>\n\n\n\n<p class=\"has-white-color has-vivid-red-background-color has-text-color has-background has-link-color wp-elements-f34b9cc973601b471d278af0626a482b\"><em>\u201cAos\nolhos do Senhor, nem o homem existe sem a mulher, nem a mulher sem o homem,\npois, a mulher foi tirada do homem, por\u00e9m, o homem nasce da mulher, e ambos v\u00eam\nde Deus<\/em>\u201d\n(1 Cor 11, 11).<\/p>\n\n\n\n<p class=\"has-white-color has-vivid-red-background-color has-text-color has-background has-link-color wp-elements-ef8cedd4dff55eac7725aa78abaacb82\">A beleza e o mist\u00e9rio que cont\u00e9m o\nsacramento do matrim\u00f3nio s\u00e3o instigantes. Unir duas vidas diferentes numa s\u00f3\ninten\u00e7\u00e3o \u2013 servir a Deus e \u00e0 Igreja atrav\u00e9s do testemunho matrimonial \u2013 \u00e9 uma\ndas mais belas voca\u00e7\u00f5es a que a humanidade \u00e9 chamada. Mais do que a cerim\u00f3nia\ndos sonhos, o Sacramento do Matrim\u00f3nio \u00e9 o selo que atesta a inten\u00e7\u00e3o de fazer\no(a) amado(a) feliz. Neste espa\u00e7o, encontram-se as orienta\u00e7\u00f5es para quem\npretende contrair matrim\u00f3nio na nossa comunidade, pertencendo ou n\u00e3o ao\nterrit\u00f3rio de abrang\u00eancia da Par\u00f3quia de S\u00e3o Ver\u00edssimo de Paranhos, na Cidade\ndo Porto.<\/p>\n\n\n\n<p class=\"has-white-color has-vivid-red-background-color has-text-color has-background has-link-color wp-elements-0bcd40c9b72593ed007708694b29f582\">Demais informa\u00e7\u00f5es est\u00e3o dispon\u00edveis\nabaixo:<\/p>\n\n\n\n<p class=\"has-white-color has-vivid-red-background-color has-text-color has-background has-link-color wp-elements-16a36c83c5bf39909d9ffc1f6c5058be\"><strong>AGENDE\nSEU CASAMENTO<\/strong><\/p>\n\n\n\n<p class=\"has-white-color has-vivid-red-background-color has-text-color has-background has-link-color wp-elements-b3182681c65781b0f64b6e26af34102a\">Antes de fazer o pedido de agendamento\ndo seu matrim\u00f3nio, confira na secretaria paroquial as datas e hor\u00e1rios\ndispon\u00edveis.<\/p>\n\n\n\n<p class=\"has-white-color has-vivid-red-background-color has-text-color has-background has-link-color wp-elements-c96c68f99161a5d37145c021f2950fdb\"><strong>EM\nQUAIS DIAS E HOR\u00c1RIOS A PAR\u00d3QUIA DE PARANHOS REALIZA CASAMENTOS? <\/strong><\/p>\n\n\n\n<p class=\"has-white-color has-vivid-red-background-color has-text-color has-background has-link-color wp-elements-786bd142592a2e192b66a6c857bc8e6d\">Aos s\u00e1bados ou \u00e0s 11,30 h ou \u00e0s 15,30h.\nAos domingos n\u00e3o. Em outros dias da semana e hor\u00e1rios, \u00e9 necess\u00e1rio ver a\nagenda paroquial. O hor\u00e1rio estipulado implica que, no dia do casamento, todos\nj\u00e1 tenham entrado na igreja, convidados, testemunhas, noivo e noiva. <\/p>\n\n\n\n<p class=\"has-white-color has-vivid-red-background-color has-text-color has-background has-link-color wp-elements-c55c574fd7a9ac5fae2e39cac0c96eda\"><strong>COMO\nSABER SE A DATA QUE DESEJO EST\u00c1 DISPON\u00cdVEL?<\/strong><\/p>\n\n\n\n<p class=\"has-white-color has-vivid-red-background-color has-text-color has-background has-link-color wp-elements-eb95dc019009497f464eb5535c1ecb40\">\u00c9 preciso marcar encontro com o P\u00e1roco.\nDeve marcar no m\u00ednimo com seis meses de anteced\u00eancia. Lembramos que n\u00e3o\nconsultamos datas por e-mail e telefone. <\/p>\n\n\n\n<p class=\"has-white-color has-vivid-red-background-color has-text-color has-background has-link-color wp-elements-e64c93c348a3251c9248cb7c920eaa1e\"><strong>QUE\nDOCUMENTOS S\u00c3O PRECISOS?<\/strong><\/p>\n\n\n\n<p class=\"has-white-color has-vivid-red-background-color has-text-color has-background has-link-color wp-elements-9d177166f9c184ecce943dbefb317500\">Para a Instru\u00e7\u00e3o do Processo de\nCasamento Can\u00f3nico s\u00e3o precisos:<\/p>\n\n\n\n<p class=\"has-white-color has-vivid-red-background-color has-text-color has-background has-link-color wp-elements-ded242cf6d66d5e56b9476e1c88b1a1f\">1. Preencher o impresso: <a href=\"https:\/\/www.aparoquia.com\/apo\/paroquia\/pdf_maker\/pdf.php\">https:\/\/www.aparoquia.com\/apo\/paroquia\/pdf_maker\/pdf.php<\/a><\/p>\n\n\n\n<p class=\"has-white-color has-vivid-red-background-color has-text-color has-background has-link-color wp-elements-b6bdcba9ba893df362a8cd4eb566f2c5\">2. Cart\u00e3o de Cidad\u00e3o ou Bilhete de Identidade\nou Passaporte.<\/p>\n\n\n\n<p class=\"has-white-color has-vivid-red-background-color has-text-color has-background has-link-color wp-elements-bcb559a5a0c5d83cf3eb83532e90e1b3\">3. Certid\u00e3o de Baptismo para Casamento.<\/p>\n\n\n\n<p class=\"has-white-color has-vivid-red-background-color has-text-color has-background has-link-color wp-elements-e46e2719db4929bc33a78458eb9e8b49\">4. Atestados de estado livre ou\nProclamas<\/p>\n\n\n\n<p class=\"has-white-color has-vivid-red-background-color has-text-color has-background has-link-color wp-elements-fde65a109492b3b8911beb7b1e5672e0\">5. Quaisquer outros documentos\nnecess\u00e1rios<\/p>\n\n\n\n<p class=\"has-white-color has-vivid-red-background-color has-text-color has-background has-link-color wp-elements-0edc27b704e0386915f248fd26a28322\">6. Se tiver resid\u00eancia no Estrangeiro o\nProcesso de Casamento \u00e9 l\u00e1 instru\u00eddo.<\/p>\n\n\n\n<p class=\"has-white-color has-vivid-red-background-color has-text-color has-background has-link-color wp-elements-3e4f7999d34184cf5195f1ca72688b40\">Em todas as situa\u00e7\u00f5es\no melhor \u00e9 falar com o p\u00e1roco.<\/p>\n\n\n\n<p class=\"has-white-color has-vivid-red-background-color has-text-color has-background has-link-color wp-elements-5dc23b685ad2a19b0acd972ac4d338f9\"><strong>QUANTAS\nTESTEMUNHAS POSSO TER?<\/strong><\/p>\n\n\n\n<p class=\"has-white-color has-vivid-red-background-color has-text-color has-background has-link-color wp-elements-b266e85870db5246f8025eff0f024df1\">S\u00e3o permitidos um casal de testemunhas\npara o noivo e um para a noiva, sem considerar os pais. As testemunhas ficar\u00e3o\nnos bancos laterais, pr\u00f3ximos dos noivos em frente ao altar. <\/p>\n\n\n\n<p class=\"has-white-color has-vivid-red-background-color has-text-color has-background has-link-color wp-elements-c082c3ba8d3e1ea7adb3a2c04c3d41db\"><strong>POSSO\nTRAZER UM PADRE DE OUTRA PAR\u00d3QUIA? <\/strong><\/p>\n\n\n\n<p class=\"has-white-color has-vivid-red-background-color has-text-color has-background has-link-color wp-elements-3ab6265bf65a2dc7ab177e9a8554b9cd\">Sim. Os noivos devem trazer \u00e0 Secretaria\no nome completo do Padre, seu telefone e a Par\u00f3quia a qual ele pertence. <\/p>\n\n\n\n<p class=\"has-white-color has-vivid-red-background-color has-text-color has-background has-link-color wp-elements-d9b936bd5bad00d8c26cb021d3dea4d5\"><strong>H\u00c1\nUMA CONVERSA ENTRE O PADRE E OS NOIVOS ANTES DO CASAMENTO? <\/strong><\/p>\n\n\n\n<p class=\"has-white-color has-vivid-red-background-color has-text-color has-background has-link-color wp-elements-5b69834d2bc0b6cd02e3175e2eb9f5cb\">Sim, geralmente uma semana antes da data\ndo casamento a Secretaria da Par\u00f3quia entra em contacto com os noivos e marca\num hor\u00e1rio para a prepara\u00e7\u00e3o da cerim\u00f3nia religiosa com o Padre que assistir\u00e1 o\nmesmo, assim como a recep\u00e7\u00e3o do Sacramento da Confiss\u00e3o por ambos os noivos. <\/p>\n\n\n\n<p class=\"has-white-color has-vivid-red-background-color has-text-color has-background has-link-color wp-elements-9bd44b62ded59da6106d830797a8890c\"><strong>COM\nQUANTO TEMPO DE ANTECED\u00caNCIA DEVO FAZER O CURSO DE NOIVOS?<\/strong><\/p>\n\n\n\n<p class=\"has-white-color has-vivid-red-background-color has-text-color has-background has-link-color wp-elements-5c7036e7149bad11f94b8b1950c1ebec\">O ideal \u00e9 fazer entre 3 e 6 meses de\nanteced\u00eancia, pois em geral os tr\u00eas meses que antecedem o casamento s\u00e3o os\n\u201cmais corridos\u201d. Os noivos devem ficar atentos \u00e0s datas dos cursos de v\u00e1rias\nigrejas para escolher a melhor data.<\/p>\n\n\n\n<p class=\"has-white-color has-vivid-red-background-color has-text-color has-background has-link-color wp-elements-f13beb65d725a7d5db9faf2630636365\"><strong>DEZ\nCOISAS A CONSIDERAR AO PREPARAR A CELEBRA\u00c7\u00c3O DO MATRIM\u00d3NIO NA IGREJA CAT\u00d3LICA<\/strong><\/p>\n\n\n\n<p class=\"has-white-color has-vivid-red-background-color has-text-color has-background has-link-color wp-elements-7dd1f3f1de3218f85af86375556ef93c\"><strong>1.\nO Matrim\u00f3nio \u00e9 um Sacramento!<\/strong> A celebra\u00e7\u00e3o do Matrim\u00f3nio n\u00e3o \u00e9\nsomente uma cerim\u00f3nia religiosa. Um matrim\u00f3nio entre dois crist\u00e3os \u00e9 um\nsacramento, ou seja, um encontro com Jesus Cristo. De uma maneira particular, a\nnoiva e o noivo, ao oferecer as suas vidas um ao outro (oferta esta simbolizada\npelos seus votos), prometem amor oblativo um pelo outro. Este amor oblativo, ou\nseja, amor que se doa, incorpora e torna presente o amor de Nosso Senhor Jesus\nCristo, que se deu a si mesmo por amor ao seu povo. Todos aqueles que est\u00e3o\npresentes num casamento podem olhar para a noiva e o noivo e verem Nosso Senhor\nJesus Cristo. Mais importante, a noiva e o noivo, ao olharem um para o outro,\nv\u00eaem o amor do Senhor Jesus.<\/p>\n\n\n\n<p class=\"has-white-color has-vivid-red-background-color has-text-color has-background has-link-color wp-elements-858729f00286cfc03f3409669d0c9dce\"><strong>2.\nA Noiva e o Noivo s\u00e3o os Ministros do Sacramento.<\/strong> De algum modo,\no matrim\u00f3nio diz menos respeito \u00e0 cerim\u00f3nia ou \u00e0 celebra\u00e7\u00e3o sacramental do que\n\u00e0 viv\u00eancia di\u00e1ria da vida conjugal. O padre (ou di\u00e1cono) n\u00e3o \u00e9 o ministro do\nsacramento. Ele actua como uma simples testemunha oficial da Igreja e do Estado\n(\u00e9 claro que se o casamento acontece dentro da Missa, o padre \u00e9 o celebrante da\nMissa). A noiva e o noivo desposam um ao outro, e como tal, s\u00e3o eles os\nministros do sacramento. A celebra\u00e7\u00e3o do matrim\u00f3nio, portanto, deveria ser um\nreflexo da f\u00e9 e do amor do casal.<\/p>\n\n\n\n<p class=\"has-white-color has-vivid-red-background-color has-text-color has-background has-link-color wp-elements-f21d127d40f8dd41e9fc56ade28b3a04\"><strong>3.\nO Matrim\u00f3nio \u00e9 uma mat\u00e9ria de f\u00e9.<\/strong> Como um sacramento \u00e9 uma ac\u00e7\u00e3o da\nIgreja, o matrim\u00f3nio n\u00e3o s\u00f3 pressup\u00f5e a f\u00e9, como tamb\u00e9m a renova e a fortalece.\nO processo de prepara\u00e7\u00e3o para o matrim\u00f3nio convida os casais para refletir\nsobre a presen\u00e7a de Deus em suas vidas. No Sacramento do Matrim\u00f3nio, Deus\n\u201cenriquece e fortalece\u201d o marido e a esposa doando-lhes o seu dom especial da\ngra\u00e7a para os capacitar a viver o dia-a-dia do matrim\u00f3nio \u201cem fidelidade\nduradoura e m\u00fatua\u201d.<\/p>\n\n\n\n<p class=\"has-white-color has-vivid-red-background-color has-text-color has-background has-link-color wp-elements-d194570fc78d43fbca7b7636ab25f575\"><strong>4.\nAs Escrituras: A Palavra de Deus para ti, e a tua palavra para o mundo.<\/strong> Os casais s\u00e3o\nconvidados a escolher as leituras b\u00edblicas que ser\u00e3o proclamadas na Liturgia do\nseu matrim\u00f3nio. Normalmente tr\u00eas leituras (uma do Antigo Testamento, uma das\ncartas do Novo Testamento, e uma dos Evangelhos) s\u00e3o proclamadas. A Igreja\nfornece muitas op\u00e7\u00f5es para cada uma, e muitas par\u00f3quias fornecem recursos com\ninforma\u00e7\u00f5es sobre cada poss\u00edvel escolha. A Escritura \u00e9 a pr\u00f3pria Palavra de\nDeus falando \u00e0 Igreja. Os casais devem reflectirsobre o que eles pensam o que\nDeus lhes diz a eles nesta fase linda das suas vidas, e os noivospor sua vez\ndevem tamb\u00e9m considerar o que querem comunicar a respeito da sua pr\u00f3pria f\u00e9,\n\u00e0queles que se reunir\u00e3o para celebrarem seu matrim\u00f4nio.<\/p>\n\n\n\n<p class=\"has-white-color has-vivid-red-background-color has-text-color has-background has-link-color wp-elements-f09107013faeef21246519f2af2d2ebd\"><strong>5.\nOs Votos: o que os noivos dizem, o que prometem, o que vivem<\/strong>. O cora\u00e7\u00e3o do\nRito do Matrim\u00f3nio \u00e9 a troca de consentimento entre a noiva e o noivo. Neste\nmomento, eles, enquanto ministros do sacramento expressam o seu compromisso\nvital\u00edcio de amar e honrar um ao outro, enquanto o padre (ou di\u00e1cono) actua\ncomo uma testemunha. Sugere-se que os noivos memorizem os seus votos n\u00e3o\nsomente para experimentar a troca de consentimento de forma mais poderosa, mas\ntamb\u00e9m para falar com o cora\u00e7\u00e3o, em vez de os repetirem frase por frase depois\ndo padre. Desta forma eles v\u00e3o tamb\u00e9m gastar algum tempo ponderando sobre o que\nos votos significam, e espera-se que se lembrem das palavras no futuro, e que as\npalavras tomem mais e mais sentido em seu amor e cuidado do dia-a-dia, um para\ncom o outro.<\/p>\n\n\n\n<p class=\"has-white-color has-vivid-red-background-color has-text-color has-background has-link-color wp-elements-97349553bb4637e26242f958dba07b2f\"><strong>6.\nA M\u00fasica: Para suscitar a alma e erguer a mente.<\/strong> A m\u00fasica para a\ncelebra\u00e7\u00e3o do Matrim\u00f3nio n\u00e3o somente adiciona beleza e dignidade \u00e0 cerim\u00f3nia,\ncomo possui uma fun\u00e7\u00e3o lit\u00fargica mais importante. Al\u00e9m de acompanhar a\nprociss\u00e3o dos padrinhos e a marcha nupcial, a m\u00fasica \u00e9 uma parte integral da\npr\u00f3pria Liturgia: o canto das aclama\u00e7\u00f5es e as respostas da assembleia, hinos e\nc\u00e2nticos na entrada (acolhimento) e prociss\u00e3o da comunh\u00e3o s\u00e3o prescritos no\nRito do Matrim\u00f3nio. A m\u00fasica deve refletir e comunicar, acima de tudo, o\nmist\u00e9rio do amor de Deus em Jesus Cristo, especialmente no que se refere aos\nnoivos que se est\u00e3o a unir em matrim\u00f3nio.<\/p>\n\n\n\n<p class=\"has-white-color has-vivid-red-background-color has-text-color has-background has-link-color wp-elements-8a3c0f9e14dafaa5411a82dc073d4330\"><strong>7.\nA Prociss\u00e3o: Eis a noiva\u2026 e o noivo!<\/strong> O que os filmes retratam n\u00e3o \u00e9\nnecessariamente a vis\u00e3o da Igreja. A noiva e o noivo entram no matrim\u00f3nio\nlivremente e igualmente, e a prociss\u00e3o de entrada simboliza isso, na medida em\nque o casal se aproxima do altar para ficar diante do Senhor. O Rito do\nMatrim\u00f3nio sugere que os ministros lit\u00fargicos (padre, di\u00e1cono, leitores e\nac\u00f3litos) iniciem a prociss\u00e3o, seguidos da noiva e do noivo, cada um escoltado\npor \u201cao menos seus pais e as testemunhas\u201d. Tamb\u00e9m pode o noivo entrar primeiro,\nlevado pelos seus padrinhos e escoltado por seus pais, seguido da noiva, levada\npor seus padrinhos e escoltada por seus pais.<\/p>\n\n\n\n<p class=\"has-white-color has-vivid-red-background-color has-text-color has-background has-link-color wp-elements-85b37d1dbee50674860fb1a36d4be59c\"><strong>8.\nOs padrinhos: Mais do que figurantes.<\/strong> Uma das mais importantes tarefas\ndesempenhadas pelos casais ao planear o seu casamento \u00e9 a selec\u00e7\u00e3o dos\npadrinhos. Convidam irm\u00e3os, primos e amigos pr\u00f3ximos, que mostram seu apoio\natrav\u00e9s de sua presen\u00e7a pr\u00f3xima. Eles tamb\u00e9m realizam a fun\u00e7\u00e3o lit\u00fargica de\ntestemunhas oficiais do rito matrimonial. H\u00e1 outros ministros lit\u00fargicos que\ntamb\u00e9m devem ser considerados: leitores para proclamar as leituras das\nEscrituras e anunciar as inten\u00e7\u00f5es das intercess\u00f5es gerais, familiares ou\namigos para apresentar os dons do p\u00e3o e vinho no ofert\u00f3rio, ou talvez os\npr\u00f3prios ac\u00f3litos para servir o altar, e ministros extraordin\u00e1rios da Sagrada\nComunh\u00e3o, quando for o caso. Todo este preparativo toma lugar quando os noivos\npreparam bem a celebra\u00e7\u00e3o com o celebrante (padre ou di\u00e1cono).<\/p>\n\n\n\n<p class=\"has-white-color has-vivid-red-background-color has-text-color has-background has-link-color wp-elements-7f5949822352141ddaf979a12c9702a5\"><strong>9.\nFam\u00edlia + Amigos = Assembleia Lit\u00fargica.<\/strong> Os noivos convidam os seus amigos\npr\u00f3ximos e membros das suas fam\u00edlias para tomarem parte no dia do seu\ncasamento. Esta reuni\u00e3o tamb\u00e9m representa a comunidade da Igreja, uma vez que\neles circundam o casal com o seu encorajamento e com as suas ora\u00e7\u00f5es. Acima de\ntudo, esta \u00e9 uma ocasi\u00e3o para adorar ao Senhor: ao celebrar o sacramento,o\ncasal,juntamentecom a sua fam\u00edlia e amigos, formamuma assembleia lit\u00fargica, que\nse coloca diante do Senhor com os cora\u00e7\u00f5es abertos ao seu poder amoroso.<\/p>\n\n\n\n<p class=\"has-white-color has-vivid-red-background-color has-text-color has-background has-link-color wp-elements-60b629762ba1f784dbd7248426d4fdf2\"><strong>10.\nAcima de tudo, reze!<\/strong>\nA liturgia do casamento (quando celebrada dentro ou fora de uma Missa) \u00e9 um\nacto de adora\u00e7\u00e3o. Como tal, \u00e9 um momento de oferecer preces e ac\u00e7\u00e3o de gra\u00e7as a\nDeus pelos seus dons, e alcan\u00e7ar as suas cont\u00ednuas b\u00ean\u00e7\u00e3os e aux\u00edlio para a\nvida. Em particular, agrade\u00e7am a Deus pelo dom da sua(eu) esposa(o), e rezem ao\nSenhor pedindo que Ele os aben\u00e7oe e os guie para que se tornem testemunhas do\nSeu amor um para o outro, e ambos para o mundo. <\/p>\n","protected":false},"excerpt":{"rendered":"<p>CASAMENTOS \u201cAos olhos do Senhor, nem o homem existe sem a mulher, nem a mulher sem o homem, pois, a mulher foi tirada do homem, por\u00e9m, o homem nasce da mulher, e ambos v\u00eam de Deus\u201d (1 Cor 11, 11). A beleza e o mist\u00e9rio que cont\u00e9m o sacramento do matrim\u00f3nio s\u00e3o instigantes. Unir duas [&hellip;]<\/p>\n","protected":false},"author":1,"featured_media":0,"parent":0,"menu_order":0,"comment_status":"closed","ping_status":"closed","template":"","meta":{"footnotes":""},"class_list":["post-224","page","type-page","status-publish","hentry"],"_links":{"self":[{"href":"https:\/\/paroquiadeparanhos.net\/webnew\/index.php\/wp-json\/wp\/v2\/pages\/224","targetHints":{"allow":["GET"]}}],"collection":[{"href":"https:\/\/paroquiadeparanhos.net\/webnew\/index.php\/wp-json\/wp\/v2\/pages"}],"about":[{"href":"https:\/\/paroquiadeparanhos.net\/webnew\/index.php\/wp-json\/wp\/v2\/types\/page"}],"author":[{"embeddable":true,"href":"https:\/\/paroquiadeparanhos.net\/webnew\/index.php\/wp-json\/wp\/v2\/users\/1"}],"replies":[{"embeddable":true,"href":"https:\/\/paroquiadeparanhos.net\/webnew\/index.php\/wp-json\/wp\/v2\/comments?post=224"}],"version-history":[{"count":6,"href":"https:\/\/paroquiadeparanhos.net\/webnew\/index.php\/wp-json\/wp\/v2\/pages\/224\/revisions"}],"predecessor-version":[{"id":10878,"href":"https:\/\/paroquiadeparanhos.net\/webnew\/index.php\/wp-json\/wp\/v2\/pages\/224\/revisions\/10878"}],"wp:attachment":[{"href":"https:\/\/paroquiadeparanhos.net\/webnew\/index.php\/wp-json\/wp\/v2\/media?parent=224"}],"curies":[{"name":"wp","href":"https:\/\/api.w.org\/{rel}","templated":true}]}}