{"id":229,"date":"2018-12-20T10:15:48","date_gmt":"2018-12-20T10:15:48","guid":{"rendered":"http:\/\/paroquiadeparanhos.net\/webnew\/?page_id=229"},"modified":"2026-01-25T17:43:12","modified_gmt":"2026-01-25T17:43:12","slug":"grupos-e-movimentos-paroquiais","status":"publish","type":"page","link":"https:\/\/paroquiadeparanhos.net\/webnew\/index.php\/grupos-e-movimentos-paroquiais\/","title":{"rendered":"Grupos e movimentos Paroquiais"},"content":{"rendered":"\n<p class=\"has-white-color has-vivid-red-background-color has-text-color has-background has-link-color wp-elements-a55e312164225571f1f0040e862c35f0\"><strong><em>CONSELHO ECON\u00d3MICO PAROQUIAL<\/em><\/strong><\/p>\n\n\n\n<p class=\"has-white-color has-vivid-red-background-color has-text-color has-background has-link-color wp-elements-963cfa7962ebc7695143a07a4bd049a3\">O\n  Conselho Econ\u00f3mico Paroquial (F\u00e1brica da Igreja) \u00e9 um \u00f3rg\u00e3o previsto \nno  actual C\u00f3digo de Direito Can\u00f3nico, seguindo a linha tra\u00e7ada pelo  \nConc\u00edlio Vaticano II, cuja fun\u00e7\u00e3o \u00e9 administrar correctamente os bens da\n  par\u00f3quia, de forma a proporcionar \u00e0 comunidade paroquial os meios  \nmateriais necess\u00e1rios \u00e0 realiza\u00e7\u00e3o integral da sua miss\u00e3o. Para que a  \nPar\u00f3quia possa realizar a sua miss\u00e3o evangelizadora, atrav\u00e9s do an\u00fancio \n da Palavra, da celebra\u00e7\u00e3o dos sacramentos e da pr\u00e1tica da caridade,  \nprecisa naturalmente de alguns meios materiais, cabendo ao Conselho  \nEcon\u00f3mico administr\u00e1-los ao servi\u00e7o do plano pastoral.<\/p>\n\n\n\n<p class=\"has-white-color has-vivid-red-background-color has-text-color has-background has-link-color wp-elements-3911d25117be3c6e8675334b8fad9763\"><strong><em>CONSELHO DE PASTORAL PAROQUIAL<\/em><\/strong><\/p>\n\n\n\n<p class=\"has-white-color has-vivid-red-background-color has-text-color has-background has-link-color wp-elements-d2231db2f58aa9ec730cf72b903ba190\">O\n  CPP \u2013 Conselho de Pastoral Paroquial \u2013 \u00e9 um grupo de pessoas,  \nescolhidas pela comunidade dos fi\u00e9is, em Assembleia Paroquial e em  \ncomunh\u00e3o com o p\u00e1roco, provisionadas pelo bispo, que representam a  \ncomunidade, os minist\u00e9rios, as pastorais e movimentos existentes na  \npar\u00f3quia, e t\u00eam como miss\u00e3o o servi\u00e7o da anima\u00e7\u00e3o pastoral da par\u00f3quia. O\n  CPP tem a miss\u00e3o de garantir a vida de comunh\u00e3o na par\u00f3quia. Por isso,\n \u00e9  respons\u00e1vel pela organiza\u00e7\u00e3o e articula\u00e7\u00e3o da pastoral, e pela  \nespiritualidade e forma\u00e7\u00e3o dos fi\u00e9is. Ao CPP cabe refletir, planear,  \ndecidir, animar e rever toda a ac\u00e7\u00e3o pastoral da par\u00f3quia. Ele encaminha\n  a realiza\u00e7\u00e3o do Plano Paroquial de Pastoral. A ele cabe conhecer a  \nrealidade e seus desafios, julg\u00e1-la com os olhos da realidade e da  \nPalavra de Deus, e estimular a\u00e7\u00f5es transformadoras que a tornem sinal do\n  Reino de Deus.<\/p>\n\n\n\n<p class=\"has-white-color has-vivid-red-background-color has-text-color has-background has-link-color wp-elements-142a244548728e991398462dd7fdaced\"><strong><em>MINISTROS EXTRAORDIN\u00c1RIOS DA COMUNH\u00c3O<\/em><\/strong><\/p>\n\n\n\n<p class=\"has-white-color has-vivid-red-background-color has-text-color has-background has-link-color wp-elements-c5ad8a3218dc8b16627265630e42067a\">Ap\u00f3s\n  o Conc\u00edlio do Vaticano II (1962-1965), o Papa Paulo VI autorizou a  \ninstitui\u00e7\u00e3o dos Ministros Extraordin\u00e1rios da Sagrada Comunh\u00e3o (MECs),  \nfi\u00e9is leigos cuja miss\u00e3o \u00e9 facilitar aos celebrantes a distribui\u00e7\u00e3o da  \nSagrada Comunh\u00e3o nas igrejas, capelas, hospitais, aos doentes nas casas e\n  outros lugares, desde que o sacerdote n\u00e3o possa fazer isso. Este  \nminist\u00e9rio sagrado \u00e9 exercido na nossa Par\u00f3quia por leigos que t\u00eam uma  \nvida crist\u00e3 aut\u00eantica, s\u00e3o maduros na f\u00e9, e podem servir a Igreja. O  \nMinistro extraordin\u00e1rio participa mensalmente de reuni\u00f5es de forma\u00e7\u00e3o, a\n  fim de conhecer melhor a doutrina da Igreja Cat\u00f3lica, especialmente a \n fundamenta\u00e7\u00e3o dogm\u00e1tica, moral e sacramental.<\/p>\n\n\n\n<p class=\"has-white-color has-vivid-red-background-color has-text-color has-background has-link-color wp-elements-80fdc5a82684b9e46f08fd0d09791582\"><strong><em>AC\u00d3LITOS DE PARANHOS (AP)<\/em><\/strong><\/p>\n\n\n\n<p class=\"has-white-color has-vivid-red-background-color has-text-color has-background has-link-color wp-elements-a37b2e518d8f5146bb5e56d2422822cd\"><em>\u201cEu irei ao altar de Deus, ao Deus que \u00e9 a alegria da minha vida. Ao som da harpa te louvarei, \u00f3 Deus, meu Deus.\u201d<\/em> (Sl 42, 4).<\/p>\n\n\n\n<p class=\"has-white-color has-vivid-red-background-color has-text-color has-background has-link-color wp-elements-3aa07530744f9f29da28c5a8e07e2e6a\">Ser\n  chamado ao servi\u00e7o do altar (ac\u00f3lito) \u00e9, sem d\u00favida, uma grande d\u00e1diva\n  de Deus. As crian\u00e7as e jovens que participam deste servi\u00e7o t\u00eam um  \nprivil\u00e9gio em rela\u00e7\u00e3o aos demais: est\u00e3o perto de Nosso Senhor no momento\n  da Consagra\u00e7\u00e3o, vivenciam integralmente os mist\u00e9rios dos Sacramentos e\n  auxiliam a comunidade a melhor se encontrar com o Pai. Nesse trabalho,\n  adquirem uma maior intimidade com Jesus Cristo, atrav\u00e9s da vida de  \nora\u00e7\u00e3o. Aderem e percebem o quanto Ele os ama, bem como a toda  \nhumanidade.<\/p>\n\n\n\n<p class=\"has-white-color has-vivid-red-background-color has-text-color has-background has-link-color wp-elements-8ec56a3ae92c6ae86090b5f890a524cf\">O\n  nosso grupo de ac\u00f3litos disponibiliza encontros de forma\u00e7\u00e3o. Aqueles  \nque se sentirem impelidos a esse servi\u00e7o, podem contactar qualquer um  \nelemento do grupo e logo ser\u00e1 devidamente acolhido e encaminhado.<\/p>\n\n\n\n<p class=\"has-white-color has-vivid-red-background-color has-text-color has-background has-link-color wp-elements-890c167cd420067a9d406668d8a39baa\"><strong><em>LEITORES<\/em><\/strong><\/p>\n\n\n\n<p class=\"has-white-color has-vivid-red-background-color has-text-color has-background has-link-color wp-elements-855d9f98aa5071a0103aab1b3135edca\">O\n  grupo de Leitores assegura a Proclama\u00e7\u00e3o das leituras nas Eucaristias \n dominicais (e n\u00e3o s\u00f3) e tem reuni\u00e3o de forma\u00e7\u00e3o bimensal.<\/p>\n\n\n\n<p class=\"has-white-color has-vivid-red-background-color has-text-color has-background has-link-color wp-elements-08c939c55045a8ecf31e89fbf896bea1\"><strong><em>CORAL<\/em><\/strong><\/p>\n\n\n\n<p class=\"has-white-color has-vivid-red-background-color has-text-color has-background has-link-color wp-elements-5be45bb02d18f135f777b7cfa94b6063\"><em>\u201cQuem canta bem, reza duas vezes\u201d<\/em>\n (Santo Agostinho).Se existe uma maneira bela e agrad\u00e1vel de se louvar a\n  Deus, \u00e9 atrav\u00e9s do canto. Em nossa Par\u00f3quia, temos em actividade o  \nCanto Ver\u00edssimo, constitu\u00eddo por adultos e crian\u00e7as. Para aqueles que se\n  sentirem chamados a este servi\u00e7o t\u00e3o belo e necess\u00e1rio \u00e0 Liturgia,  \npodem procurar os componentes do grupo, que se re\u00fane sempre aos s\u00e1bados,\n  a partir das 11,30h, no Centro Pastoral.<\/p>\n\n\n\n<p class=\"has-white-color has-vivid-red-background-color has-text-color has-background has-link-color wp-elements-19582b6ccbecc29d9c23f6b794815b93\">A direc\u00e7\u00e3o do coro \u00e9 da responsabilidade da Ana Maria Pinto.<\/p>\n\n\n\n<p class=\"has-white-color has-vivid-red-background-color has-text-color has-background has-link-color wp-elements-2f16ada379f1249a5a6711e59612adbc\"><strong><em>PASTORAL CATEQU\u00c9TICA<\/em><\/strong><\/p>\n\n\n\n<p class=\"has-white-color has-vivid-red-background-color has-text-color has-background has-link-color wp-elements-6586325a94e8a39303ac11f1565d731c\">A\n  Pastoral da Catequese conta com um grupo de catequistas para atender  \nbem os catequizandos e seus pais. A Catequese funciona regularmente aos \n s\u00e1bados e vamos ensaiando outros momentos para que ningu\u00e9m se desculpe \n que n\u00e3o tem oportunidades para enviar os filhos \u00e0 catequese. Assim, aos\n  s\u00e1bados funciona das 10,30 \u00e0s 11,30 h, no Centro Pastoral e nos \nespa\u00e7os  do Centro de Conv\u00edvio; nos dias de semana, das 18,30 h \u00e0s 19,30\n h: para o  1\u00ba ano \u00e0s segundas-feiras, 3\u00ba ano \u00e0s ter\u00e7as e 4\u00ba ano \u00e0s \nquartas-feiras. <\/p>\n\n\n\n<p class=\"has-white-color has-vivid-red-background-color has-text-color has-background has-link-color wp-elements-59b744d8b5ade2c8e5321092bcf8a96b\">Na\n  Igreja temos a catequese por tutoria a funcionar de acordo com os  \ncatequistas e os pr\u00f3prios, bem como a catequese de adultos para o Crisma\n  aos S\u00e1bados das 18 \u00e0s 19 h.<\/p>\n\n\n\n<p class=\"has-white-color has-vivid-red-background-color has-text-color has-background has-link-color wp-elements-255cba6772f15273c1b2743cdce84cb8\"><strong><em>GRUPO DE CASAIS<\/em><\/strong><\/p>\n\n\n\n<p class=\"has-white-color has-vivid-red-background-color has-text-color has-background has-link-color wp-elements-10ec3691e62f227e599aa35038f6df39\">O\n  Grupo de Casais tem por objetivo evangelizar fam\u00edlias, entendendo-as  \ncomo n\u00facleo de uma sociedade enraizada na f\u00e9. Busca cultivar no cerne da\n  fam\u00edlia os valores crist\u00e3os, para que exista um compromisso posterior \n nas diversas pastorais comunit\u00e1rias. Nos \u00faltimos anos tem sido este  \ngrupo o mais activo na angaria\u00e7\u00e3o de fundos em prol da constru\u00e7\u00e3o da  \nNova Igreja de Paranhos com v\u00e1rias iniciativas que v\u00e3o de almo\u00e7os  \nconv\u00edvio, \u00e0 realiza\u00e7\u00e3o da noite de fados e outros eventos culturais, bem\n  como a T\u00f4mbola, nas festas da S\u00aa da Sa\u00fade, no jardim de Arca d\u2019\u00c1gua.<\/p>\n\n\n\n<p class=\"has-white-color has-vivid-red-background-color has-text-color has-background has-link-color wp-elements-ef7352d540edaf036d01abd84f053949\"><strong><em>APOSTOLADO DA ORA\u00c7\u00c3O<\/em><\/strong><\/p>\n\n\n\n<p class=\"has-white-color has-vivid-red-background-color has-text-color has-background has-link-color wp-elements-067a2d8e8743e1b56f2804a8382cee76\">O\n  n\u00facleo do Apostolado da Ora\u00e7\u00e3o foi fundado na Par\u00f3quia de S\u00e3o \nVer\u00edssimo  de Paranhos h\u00e1 94 anos. As reuni\u00f5es das Zeladoras do \nApostolado ocorrem  sempre na \u00faltima quinta-feira de cada m\u00eas.Nas \nprimeiras sextas-feiras  do m\u00eas, haver\u00e1 Adora\u00e7\u00e3o e B\u00ean\u00e7\u00e3o do Sant\u00edssimo e\n Missa pelas inten\u00e7\u00f5es  dos Associados. Promove tamb\u00e9m passeios e \nperegrina\u00e7\u00f5es e patrocina as  prega\u00e7\u00f5es e actividades pastorais na \nQuaresma. <\/p>\n\n\n\n<p class=\"has-white-color has-vivid-red-background-color has-text-color has-background has-link-color wp-elements-8bb420cd7531bc59b034e53b00ed5d82\">Apostolado:\n  Significa uma ac\u00e7\u00e3o de um grupo que irradia a vida Crist\u00e3, a  \nevangeliza\u00e7\u00e3o. \u00c9 ser escolhido a propagar a f\u00e9, aceitar e assumir a  \nDeus, f\u00edsica e espiritualmente. \u00c9 devo\u00e7\u00e3o e f\u00e9, de intensa vida  \nEucar\u00edstica, na espiritualidade do Sagrado Cora\u00e7\u00e3o de Jesus.<\/p>\n\n\n\n<p class=\"has-white-color has-vivid-red-background-color has-text-color has-background has-link-color wp-elements-0bf47baaeb9272e55c364faffd343649\"><strong><em>CONFER\u00caNCIA VICENTINA DE S. VER\u00cdSSIMO DE PARANHOS<\/em><\/strong><\/p>\n\n\n\n<p class=\"has-white-color has-vivid-red-background-color has-text-color has-background has-link-color wp-elements-48e2239e456e050bd200c3d698b3b77d\">H\u00e1\n  mais de 114 anos \u00e9 um dos bra\u00e7os sociais da Par\u00f3quia, assistindo,  \nactualmente, as fam\u00edlias mais necessitadas da Par\u00f3quia. Recolhem  \ndonativos e bens, g\u00e9neros aliment\u00edcios e roupas para dar aos que  \nprecisam. \u00c9 mista (homens e mulheres) e re\u00fane de quinze em quinze dias  \nno Centro de Conv\u00edvio.<\/p>\n\n\n\n<p class=\"has-white-color has-vivid-red-background-color has-text-color has-background has-link-color wp-elements-f28736a4a551a0829c9244d3d83705f5\"><strong><em>GRUPO NOVA EVANGELIZA\u00c7\u00c3O (ALPHA)<\/em><\/strong><\/p>\n\n\n\n<p class=\"has-white-color has-vivid-red-background-color has-text-color has-background has-link-color wp-elements-794ac0edae301d8edb855dee96b939de\">Ap\u00f3s a realiza\u00e7\u00e3o de dois cursos Alpha, o grupo de monitores que ofereceram   os temas disponibilizaram-se para continuar na linha catequ\u00e9tica a   valorizar os tempos fortes da Liturgia, Advento e quaresma com temas   apropriados e abertos \u00e0 Comunidade. Assim tem acontecido h\u00e1 tr\u00eas anos e   vai continuar. O seu n\u00facleo re\u00fane mensalmente \u00e0s terceiras   segundas-feiras de cada m\u00eas.<\/p>\n\n\n\n<p class=\"has-white-color has-vivid-red-background-color has-text-color has-background has-link-color wp-elements-38265e5f4361c33078bbbb505b642175\"><strong><em>CONFRARIA DE NOSSA SENHORA DA SA\u00daDE<\/em><\/strong><\/p>\n\n\n\n<p class=\"has-white-color has-vivid-red-background-color has-text-color has-background has-link-color wp-elements-d732d4ce297bcdd499644b801332f054\">Tem\n  por finalidade manter e dignificar o culto de Nossa Senhora da Sa\u00fade e\n  do Senhor dos Passos da Capelinha do Campo Lindo. Re\u00fane ordinariamente\n  tr\u00eas vezes por ano e sempre que houver motivo que o exija. A sua \nmiss\u00e3o  principal \u00e9 a quinzena da Festa em honra da Senhora da Sa\u00fade (1 a\n 15 de  Agosto). Com os ofertas dos fi\u00e9is, ap\u00f3s o pagamento de todas as \ndespesas  inerentes \u00e0 festa, a Confraria mant\u00e9m semanalmente o culto na \n Capelinha, promove a Prociss\u00e3o do Encontro na Sexta-feira antes dos  \nRamos e a Prociss\u00e3o do Enterro do Senhor na Sexta-feira Santa. Os seus  \nmembros s\u00e3o os confrades que graciosamente se oferecem a Nossa Senhora e\n  \u00e0 Pastoral Paroquial, sob a direc\u00e7\u00e3o da Mesa da Confraria (Juiz,  \nSecret\u00e1rio e Tesoureiro) em uni\u00e3o com o p\u00e1roco.<\/p>\n\n\n\n<p class=\"has-white-color has-vivid-red-background-color has-text-color has-background has-link-color wp-elements-2ab627a3be0b80ff9c029d948b5edfe3\"><strong><em>AGRUPAMENTO CNE N\u00ba 1104<\/em><\/strong><\/p>\n\n\n\n<p class=\"has-white-color has-vivid-red-background-color has-text-color has-background has-link-color wp-elements-4cae71e1aa2d89baa9182b8c3cb67e4a\">O\n  nosso agrupamento conta com 90 efectivos entre escuteiros e \ndirigentes.  Tem encontros aos s\u00e1bados de tarde e promove actividades de\n \u00e2mbito  escutista, no desenvolvimento integral de forma\u00e7\u00e3o de crian\u00e7as,\n  adolescentes e jovens. Tem por Sede a (antiga) Casa Paroquial. Tem  \ndesenvolvido ac\u00e7\u00f5es de servi\u00e7o e sensibiliza\u00e7\u00e3o junto da Comunidade  \ncivil e est\u00e1 sempre dispon\u00edvel para o servi\u00e7o paroquial dignificando  \ncelebra\u00e7\u00f5es e prociss\u00f5es.<\/p>\n\n\n\n<p class=\"has-white-color has-vivid-red-background-color has-text-color has-background has-link-color wp-elements-5910fcb76f87dc3281b185dcf77409b5\"><strong><em>GRUPO DE ORA\u00c7\u00c3O TAIZ\u00c9<\/em><\/strong><\/p>\n\n\n\n<p class=\"has-white-color has-vivid-red-background-color has-text-color has-background has-link-color wp-elements-c765a42da83e5ab443feecca7ed78bb6\">\u00c9\n  um grupo que se re\u00fane mensalmente (na \u00faltima segunda-feira de cada \nm\u00eas)  para orar e cantar segundo a espiritualidade de Taiz\u00e9. Constitu\u00eddo\n  essencialmente por jovens procura cativar muitos dos universit\u00e1rios \nque  estudam e moram em Paranhos.<\/p>\n\n\n\n<p class=\"has-white-color has-vivid-red-background-color has-text-color has-background has-link-color wp-elements-9f23d324de1a676ac36c0e50c4c54ca3\"><strong><em>GRUPO DE ORA\u00c7\u00c3O CARISM\u00c1TICA (RCC)<\/em><\/strong><\/p>\n\n\n\n<p class=\"has-white-color has-vivid-red-background-color has-text-color has-background has-link-color wp-elements-a8d1521086ea7379e1c41e971b7f420a\">\u00c9\n  um grupo plural e aberto que re\u00fane semanalmente \u00e0s ter\u00e7as-feiras para \n orar e louvar o Senhor, segundo a metodologia carism\u00e1tica, com leitura \n atenta da Sagrada Escritura, aclama\u00e7\u00e3o e adora\u00e7\u00e3o eucar\u00edstica (nas  \nprimeiras ter\u00e7as-feiras de cada m\u00eas). <\/p>\n\n\n\n<p class=\"has-white-color has-vivid-red-background-color has-text-color has-background has-link-color wp-elements-65df9d19dd3c13b16f444bef160c5cba\"><strong><em>GRUPO DE JOVENS DE PARANHOS<\/em><\/strong><\/p>\n\n\n\n<p class=\"has-white-color has-vivid-red-background-color has-text-color has-background has-link-color wp-elements-1fe96511b71bf8adde42e52e55f8a400\">O grupo de jovens, aberto a todos   aqueles que desejem encontrar-se e fazer um s\u00e9rie debate de ideias e temas actuais segundo os m\u00e9todos da Juventude Mariana Vicentina, tomando   como modelos Maria e Vicente. Nesta fase inicial re\u00fane \u00e0s Sextas-feiras \u00e0s  21,30 h, no Centro Pastoral.<\/p>\n\n\n\n<p class=\"has-white-color has-vivid-red-background-color has-text-color has-background has-link-color wp-elements-33e4d94596d7cb4d6c8fcbfe1b138194\"><strong><em>ZELADORES DOS ALTARES<\/em><\/strong><\/p>\n\n\n\n<p class=\"has-white-color has-vivid-red-background-color has-text-color has-background has-link-color wp-elements-384c0294f158641337d2fe6f2a36323a\">T\u00eam\n  por miss\u00e3o decorar e tratar os altares da nossa Igreja contribuindo  \npara o culto e devo\u00e7\u00e3o do Sant\u00edssimo Sacramento, da Virgem Maria e dos  \nSantos. O seu trabalho de limpeza e de est\u00e9tica \u00e9 um servi\u00e7o humilde e  \ngratuito do qual todos beneficiamos.<\/p>\n","protected":false},"excerpt":{"rendered":"<p>CONSELHO ECON\u00d3MICO PAROQUIAL O Conselho Econ\u00f3mico Paroquial (F\u00e1brica da Igreja) \u00e9 um \u00f3rg\u00e3o previsto no actual C\u00f3digo de Direito Can\u00f3nico, seguindo a linha tra\u00e7ada pelo Conc\u00edlio Vaticano II, cuja fun\u00e7\u00e3o \u00e9 administrar correctamente os bens da par\u00f3quia, de forma a proporcionar \u00e0 comunidade paroquial os meios materiais necess\u00e1rios \u00e0 realiza\u00e7\u00e3o integral da sua miss\u00e3o. Para [&hellip;]<\/p>\n","protected":false},"author":1,"featured_media":0,"parent":0,"menu_order":0,"comment_status":"closed","ping_status":"closed","template":"","meta":{"footnotes":""},"class_list":["post-229","page","type-page","status-publish","hentry"],"_links":{"self":[{"href":"https:\/\/paroquiadeparanhos.net\/webnew\/index.php\/wp-json\/wp\/v2\/pages\/229","targetHints":{"allow":["GET"]}}],"collection":[{"href":"https:\/\/paroquiadeparanhos.net\/webnew\/index.php\/wp-json\/wp\/v2\/pages"}],"about":[{"href":"https:\/\/paroquiadeparanhos.net\/webnew\/index.php\/wp-json\/wp\/v2\/types\/page"}],"author":[{"embeddable":true,"href":"https:\/\/paroquiadeparanhos.net\/webnew\/index.php\/wp-json\/wp\/v2\/users\/1"}],"replies":[{"embeddable":true,"href":"https:\/\/paroquiadeparanhos.net\/webnew\/index.php\/wp-json\/wp\/v2\/comments?post=229"}],"version-history":[{"count":5,"href":"https:\/\/paroquiadeparanhos.net\/webnew\/index.php\/wp-json\/wp\/v2\/pages\/229\/revisions"}],"predecessor-version":[{"id":10881,"href":"https:\/\/paroquiadeparanhos.net\/webnew\/index.php\/wp-json\/wp\/v2\/pages\/229\/revisions\/10881"}],"wp:attachment":[{"href":"https:\/\/paroquiadeparanhos.net\/webnew\/index.php\/wp-json\/wp\/v2\/media?parent=229"}],"curies":[{"name":"wp","href":"https:\/\/api.w.org\/{rel}","templated":true}]}}