{"id":2707,"date":"2020-06-28T16:57:02","date_gmt":"2020-06-28T16:57:02","guid":{"rendered":"http:\/\/paroquiadeparanhos.net\/webnew\/?page_id=2707"},"modified":"2026-01-25T14:11:54","modified_gmt":"2026-01-25T14:11:54","slug":"ficha-de-inscricao-ou-de-renovacao-da-catequese","status":"publish","type":"page","link":"https:\/\/paroquiadeparanhos.net\/webnew\/index.php\/ficha-de-inscricao-ou-de-renovacao-da-catequese\/","title":{"rendered":"Ficha de inscri\u00e7\u00e3o ou de renova\u00e7\u00e3o da Catequese"},"content":{"rendered":"\n<blockquote class=\"wp-block-quote is-layout-flow wp-block-quote-is-layout-flow\">\n<p class=\"has-text-align-center has-vivid-red-color has-text-color has-link-color wp-elements-3c954bd2d857a38b2ff318fb9a56b87c\"><em><strong>FA\u00c7A O DOWNLOAD DA FICHA DE INSCRI\u00c7\u00c3O, NO FORMATO WORD, PREENCHA A MESMA, E REENVIE A FICHA EM DOCUMENTO WORD, NOVAMENTE, PARA O NOSSO ENDERE\u00c7O DE EMAI<\/strong>l :<\/em><\/p>\n<\/blockquote>\n\n\n\n<h4 class=\"wp-block-heading has-text-align-center has-white-color has-vivid-red-background-color has-text-color has-background has-link-color has-medium-font-size wp-elements-8e1197da5c5f5ccfb4506c9b17116738\"><strong><em><a rel=\"noreferrer noopener\" href=\"mailto:paroquiadeparanhos@gmail.com\" target=\"_blank\">paroquiadeparanhos@gmail.com<\/a><\/em><\/strong><\/h4>\n\n\n\n<p class=\"has-text-align-center has-white-background-color has-background\"><strong>**********************<\/strong><\/p>\n\n\n\n<p class=\"has-text-align-center has-white-color has-vivid-red-background-color has-text-color has-background has-link-color has-medium-font-size wp-elements-08964b785ddcb5b33e755b10f5a6f724\"><strong><em><a href=\"https:\/\/paroquiadeparanhos.net\/webnew\/wp-content\/uploads\/2025\/08\/Inscricao_catequese-2025-2026.docx\" target=\"_blank\" rel=\"noreferrer noopener\">CLIQUE AQUI E FA\u00c7A DOWNLOAD DO FICHEIRO WORD<\/a><\/em> &#8211; 2025 \/ 2026<\/strong><\/p>\n\n\n\n<p class=\"has-text-align-center has-white-background-color has-background\"><strong>**********************<\/strong><\/p>\n\n\n\n<p class=\"has-text-align-center has-white-color has-vivid-red-background-color has-text-color has-background has-link-color has-medium-font-size wp-elements-6528437f391c1d942835940dbdcc2394\"><strong><em><a href=\"https:\/\/paroquiadeparanhos.net\/webnew\/wp-content\/uploads\/2025\/08\/ficha_inscricao_catequese-2025-2026.pdf\" target=\"_blank\" rel=\"noreferrer noopener\">CLIQUE AQUI E FA\u00c7A DOWNLOAD DO FICHEIRO EM FORMATO PDF<\/a><\/em> &#8211; 2025 \/ 202<\/strong>6<\/p>\n\n\n\n<p><\/p>\n","protected":false},"excerpt":{"rendered":"<p>FA\u00c7A O DOWNLOAD DA FICHA DE INSCRI\u00c7\u00c3O, NO FORMATO WORD, PREENCHA A MESMA, E REENVIE A FICHA EM DOCUMENTO WORD, NOVAMENTE, PARA O NOSSO ENDERE\u00c7O DE EMAIl : paroquiadeparanhos@gmail.com ********************** CLIQUE AQUI E FA\u00c7A DOWNLOAD DO FICHEIRO WORD &#8211; 2025 \/ 2026 ********************** CLIQUE AQUI E FA\u00c7A DOWNLOAD DO FICHEIRO EM FORMATO PDF &#8211; 2025 [&hellip;]<\/p>\n","protected":false},"author":1,"featured_media":0,"parent":0,"menu_order":0,"comment_status":"closed","ping_status":"closed","template":"","meta":{"footnotes":""},"class_list":["post-2707","page","type-page","status-publish","hentry"],"_links":{"self":[{"href":"https:\/\/paroquiadeparanhos.net\/webnew\/index.php\/wp-json\/wp\/v2\/pages\/2707","targetHints":{"allow":["GET"]}}],"collection":[{"href":"https:\/\/paroquiadeparanhos.net\/webnew\/index.php\/wp-json\/wp\/v2\/pages"}],"about":[{"href":"https:\/\/paroquiadeparanhos.net\/webnew\/index.php\/wp-json\/wp\/v2\/types\/page"}],"author":[{"embeddable":true,"href":"https:\/\/paroquiadeparanhos.net\/webnew\/index.php\/wp-json\/wp\/v2\/users\/1"}],"replies":[{"embeddable":true,"href":"https:\/\/paroquiadeparanhos.net\/webnew\/index.php\/wp-json\/wp\/v2\/comments?post=2707"}],"version-history":[{"count":30,"href":"https:\/\/paroquiadeparanhos.net\/webnew\/index.php\/wp-json\/wp\/v2\/pages\/2707\/revisions"}],"predecessor-version":[{"id":10860,"href":"https:\/\/paroquiadeparanhos.net\/webnew\/index.php\/wp-json\/wp\/v2\/pages\/2707\/revisions\/10860"}],"wp:attachment":[{"href":"https:\/\/paroquiadeparanhos.net\/webnew\/index.php\/wp-json\/wp\/v2\/media?parent=2707"}],"curies":[{"name":"wp","href":"https:\/\/api.w.org\/{rel}","templated":true}]}}