{"id":337,"date":"2018-12-20T17:31:08","date_gmt":"2018-12-20T17:31:08","guid":{"rendered":"http:\/\/paroquiadeparanhos.net\/webnew\/?page_id=337"},"modified":"2023-01-16T16:36:48","modified_gmt":"2023-01-16T16:36:48","slug":"igreja-matriz-de-paranhos","status":"publish","type":"page","link":"https:\/\/paroquiadeparanhos.net\/webnew\/index.php\/igreja-matriz-de-paranhos\/","title":{"rendered":"A Igreja Matriz de Paranhos"},"content":{"rendered":"<div class=\"wp-block-image\">\n<figure class=\"aligncenter is-resized\"><img loading=\"lazy\" decoding=\"async\" src=\"https:\/\/paroquiadeparanhos.net\/webnew\/wp-content\/uploads\/2018\/12\/IGREJA_MATRIZ_PARANHOS.jpg\" alt=\"\" class=\"wp-image-338\" width=\"599\" height=\"400\" srcset=\"https:\/\/paroquiadeparanhos.net\/webnew\/wp-content\/uploads\/2018\/12\/IGREJA_MATRIZ_PARANHOS.jpg 505w, https:\/\/paroquiadeparanhos.net\/webnew\/wp-content\/uploads\/2018\/12\/IGREJA_MATRIZ_PARANHOS-300x200.jpg 300w\" sizes=\"auto, (max-width: 599px) 100vw, 599px\" \/><figcaption class=\"wp-element-caption\"> <\/figcaption><\/figure>\n<\/div>\n\n\n<p class=\"has-text-align-left has-white-color has-vivid-red-background-color has-text-color has-background\"><strong> Igreja Matriz de Paranhos, dedicada a S. Ver\u00edssimo,  padroeiro da  freguesia, assemelha-se \u00e0s igrejas das aldeias e vilas do  Norte de  Portugal, pelo seu aspecto harm\u00f3nico. N\u00e3o sendo a primitiva &#8211;  que j\u00e1  existia em 1123 \u2013 desconhece-se a data de constru\u00e7\u00e3o da igreja  matriz.<br>Sabe-se  apenas que foi reconstru\u00edda em  1845 por se encontrar em ru\u00ednas e que,  posteriormente, foi alvo de  sucessivos benef\u00edcios e melhoramentos. A  fachada tem o corpo central  ladeado por duas torres sineiras, uma do  s\u00e9culo XIX e outra constru\u00edda  em 1946 e dois rel\u00f3gios, um de sol, de  1878, e outro mec\u00e2nico, de 1857. <br>No  seu interior tem uma s\u00f3 nave  separada da capela-mor por um arco  cruzeiro. Possui oito altares e um  coro definido por gradeamento de  ferro e bronze assente em tr\u00eas arcos  sobre quatro colunas de pedra que  formam o p\u00f3rtico.   Encontra-se em fase de projecto, a constru\u00e7\u00e3o da Nova Igreja de Paranhos.<\/strong><\/p>\n\n\n\n<p><\/p>\n","protected":false},"excerpt":{"rendered":"<p>Igreja Matriz de Paranhos, dedicada a S. Ver\u00edssimo, padroeiro da freguesia, assemelha-se \u00e0s igrejas das aldeias e vilas do Norte de Portugal, pelo seu aspecto harm\u00f3nico. N\u00e3o sendo a primitiva &#8211; que j\u00e1 existia em 1123 \u2013 desconhece-se a data de constru\u00e7\u00e3o da igreja matriz.Sabe-se apenas que foi reconstru\u00edda em 1845 por se encontrar em [&hellip;]<\/p>\n","protected":false},"author":1,"featured_media":0,"parent":0,"menu_order":0,"comment_status":"closed","ping_status":"closed","template":"","meta":{"footnotes":""},"class_list":["post-337","page","type-page","status-publish","hentry"],"_links":{"self":[{"href":"https:\/\/paroquiadeparanhos.net\/webnew\/index.php\/wp-json\/wp\/v2\/pages\/337","targetHints":{"allow":["GET"]}}],"collection":[{"href":"https:\/\/paroquiadeparanhos.net\/webnew\/index.php\/wp-json\/wp\/v2\/pages"}],"about":[{"href":"https:\/\/paroquiadeparanhos.net\/webnew\/index.php\/wp-json\/wp\/v2\/types\/page"}],"author":[{"embeddable":true,"href":"https:\/\/paroquiadeparanhos.net\/webnew\/index.php\/wp-json\/wp\/v2\/users\/1"}],"replies":[{"embeddable":true,"href":"https:\/\/paroquiadeparanhos.net\/webnew\/index.php\/wp-json\/wp\/v2\/comments?post=337"}],"version-history":[{"count":4,"href":"https:\/\/paroquiadeparanhos.net\/webnew\/index.php\/wp-json\/wp\/v2\/pages\/337\/revisions"}],"predecessor-version":[{"id":6328,"href":"https:\/\/paroquiadeparanhos.net\/webnew\/index.php\/wp-json\/wp\/v2\/pages\/337\/revisions\/6328"}],"wp:attachment":[{"href":"https:\/\/paroquiadeparanhos.net\/webnew\/index.php\/wp-json\/wp\/v2\/media?parent=337"}],"curies":[{"name":"wp","href":"https:\/\/api.w.org\/{rel}","templated":true}]}}